{"id":2,"date":"2017-12-16T23:35:18","date_gmt":"2017-12-16T22:35:18","guid":{"rendered":"http:\/\/comdanciennes.com\/?page_id=2"},"modified":"2017-12-18T22:01:05","modified_gmt":"2017-12-18T21:01:05","slug":"accueil-com-danciennes-lagence-de-com-vehicules-anciens","status":"publish","type":"page","link":"https:\/\/comdanciennes.com\/","title":{"rendered":"Accueil &#8211; Com&#8217; d&#8217;Anciennes, l&#8217;Agence de Com&#8217; des V\u00e9hicules Anciens"},"content":{"rendered":"<p>D\u00e9couvrez Com&#8217; d&#8217;Anciennes, l&#8217;agence de com&#8217; d\u00e9di\u00e9e au monde du v\u00e9hicule ancien. Nos solutions, nos r\u00e9alisations, tout y est !<\/p>\n","protected":false},"excerpt":{"rendered":"<p>D\u00e9couvrez Com&#8217; d&#8217;Anciennes, l&#8217;agence de com&#8217; d\u00e9di\u00e9e au monde du v\u00e9hicule ancien. Nos solutions, nos r\u00e9alisations, tout y est !<\/p>\n","protected":false},"author":2,"featured_media":10,"parent":0,"menu_order":0,"comment_status":"closed","ping_status":"closed","template":"","meta":{"spay_email":""},"yoast_head":"<!-- This site is optimized with the Yoast SEO plugin v16.1.1 - https:\/\/yoast.com\/wordpress\/plugins\/seo\/ -->\n<title>Accueil - Com&#039; d&#039;Anciennes, l&#039;Agence de Com&#039; des V\u00e9hicules Anciens - Com&#039; d&#039;Anciennes<\/title>\n<meta name=\"description\" content=\"D\u00e9couvrez Com&#039; d&#039;Anciennes, l&#039;agence de com&#039; d\u00e9di\u00e9e au monde du v\u00e9hicule anciens. Nos solutions, nos r\u00e9alisations, tout y est !\" \/>\n<link rel=\"canonical\" href=\"https:\/\/comdanciennes.com\/\" \/>\n<meta property=\"og:locale\" content=\"fr_FR\" \/>\n<meta property=\"og:type\" content=\"article\" \/>\n<meta property=\"og:title\" content=\"Accueil - Com&#039; d&#039;Anciennes, l&#039;Agence de Com&#039; des V\u00e9hicules Anciens - Com&#039; d&#039;Anciennes\" \/>\n<meta property=\"og:description\" content=\"D\u00e9couvrez Com&#039; d&#039;Anciennes, l&#039;agence de com&#039; d\u00e9di\u00e9e au monde du v\u00e9hicule anciens. Nos solutions, nos r\u00e9alisations, tout y est !\" \/>\n<meta property=\"og:url\" content=\"https:\/\/comdanciennes.com\/\" \/>\n<meta property=\"og:site_name\" content=\"Com&#039; d&#039;Anciennes\" \/>\n<meta property=\"article:modified_time\" content=\"2017-12-18T21:01:05+00:00\" \/>\n<meta property=\"og:image\" content=\"https:\/\/i0.wp.com\/comdanciennes.com\/wp-content\/uploads\/2017\/12\/Logo-Lettrage-Incurv\u00e9-Com-Couleur-Invers\u00e9es-Inclin\u00e9.jpg?fit=1000%2C1000&#038;ssl=1\" \/>\n\t<meta property=\"og:image:width\" content=\"1000\" \/>\n\t<meta property=\"og:image:height\" content=\"1000\" \/>\n<meta name=\"twitter:card\" content=\"summary_large_image\" \/>\n<script type=\"application\/ld+json\" class=\"yoast-schema-graph\">{\"@context\":\"https:\/\/schema.org\",\"@graph\":[{\"@type\":\"WebSite\",\"@id\":\"https:\/\/comdanciennes.com\/#website\",\"url\":\"https:\/\/comdanciennes.com\/\",\"name\":\"Com&#039; d&#039;Anciennes\",\"description\":\"L&#039;agence de Com&#039; des v\\u00e9hicules anciens\",\"potentialAction\":[{\"@type\":\"SearchAction\",\"target\":\"https:\/\/comdanciennes.com\/?s={search_term_string}\",\"query-input\":\"required name=search_term_string\"}],\"inLanguage\":\"fr-FR\"},{\"@type\":\"ImageObject\",\"@id\":\"https:\/\/comdanciennes.com\/#primaryimage\",\"inLanguage\":\"fr-FR\",\"url\":\"https:\/\/i0.wp.com\/comdanciennes.com\/wp-content\/uploads\/2017\/12\/Logo-Lettrage-Incurv\\u00e9-Com-Couleur-Invers\\u00e9es-Inclin\\u00e9.jpg?fit=1000%2C1000&ssl=1\",\"contentUrl\":\"https:\/\/i0.wp.com\/comdanciennes.com\/wp-content\/uploads\/2017\/12\/Logo-Lettrage-Incurv\\u00e9-Com-Couleur-Invers\\u00e9es-Inclin\\u00e9.jpg?fit=1000%2C1000&ssl=1\",\"width\":1000,\"height\":1000},{\"@type\":\"WebPage\",\"@id\":\"https:\/\/comdanciennes.com\/#webpage\",\"url\":\"https:\/\/comdanciennes.com\/\",\"name\":\"Accueil - Com' d'Anciennes, l'Agence de Com' des V\\u00e9hicules Anciens - Com&#039; d&#039;Anciennes\",\"isPartOf\":{\"@id\":\"https:\/\/comdanciennes.com\/#website\"},\"primaryImageOfPage\":{\"@id\":\"https:\/\/comdanciennes.com\/#primaryimage\"},\"datePublished\":\"2017-12-16T22:35:18+00:00\",\"dateModified\":\"2017-12-18T21:01:05+00:00\",\"description\":\"D\\u00e9couvrez Com' d'Anciennes, l'agence de com' d\\u00e9di\\u00e9e au monde du v\\u00e9hicule anciens. Nos solutions, nos r\\u00e9alisations, tout y est !\",\"breadcrumb\":{\"@id\":\"https:\/\/comdanciennes.com\/#breadcrumb\"},\"inLanguage\":\"fr-FR\",\"potentialAction\":[{\"@type\":\"ReadAction\",\"target\":[\"https:\/\/comdanciennes.com\/\"]}]},{\"@type\":\"BreadcrumbList\",\"@id\":\"https:\/\/comdanciennes.com\/#breadcrumb\",\"itemListElement\":[{\"@type\":\"ListItem\",\"position\":1,\"item\":{\"@type\":\"WebPage\",\"@id\":\"https:\/\/comdanciennes.com\/\",\"url\":\"https:\/\/comdanciennes.com\/\",\"name\":\"Accueil\"}},{\"@type\":\"ListItem\",\"position\":2,\"item\":{\"@type\":\"WebPage\",\"@id\":\"https:\/\/comdanciennes.com\/\",\"url\":\"https:\/\/comdanciennes.com\/\",\"name\":\"Accueil &#8211; Com&#8217; d&#8217;Anciennes, l&#8217;Agence de Com&#8217; des V\\u00e9hicules Anciens\"}}]}]}<\/script>\n<!-- \/ Yoast SEO plugin. -->","jetpack_sharing_enabled":true,"jetpack_shortlink":"https:\/\/wp.me\/P9tMYA-2","_links":{"self":[{"href":"https:\/\/comdanciennes.com\/index.php\/wp-json\/wp\/v2\/pages\/2"}],"collection":[{"href":"https:\/\/comdanciennes.com\/index.php\/wp-json\/wp\/v2\/pages"}],"about":[{"href":"https:\/\/comdanciennes.com\/index.php\/wp-json\/wp\/v2\/types\/page"}],"author":[{"embeddable":true,"href":"https:\/\/comdanciennes.com\/index.php\/wp-json\/wp\/v2\/users\/2"}],"replies":[{"embeddable":true,"href":"https:\/\/comdanciennes.com\/index.php\/wp-json\/wp\/v2\/comments?post=2"}],"version-history":[{"count":2,"href":"https:\/\/comdanciennes.com\/index.php\/wp-json\/wp\/v2\/pages\/2\/revisions"}],"predecessor-version":[{"id":108,"href":"https:\/\/comdanciennes.com\/index.php\/wp-json\/wp\/v2\/pages\/2\/revisions\/108"}],"wp:featuredmedia":[{"embeddable":true,"href":"https:\/\/comdanciennes.com\/index.php\/wp-json\/wp\/v2\/media\/10"}],"wp:attachment":[{"href":"https:\/\/comdanciennes.com\/index.php\/wp-json\/wp\/v2\/media?parent=2"}],"curies":[{"name":"wp","href":"https:\/\/api.w.org\/{rel}","templated":true}]}}