{"id":631,"date":"2020-05-13T16:32:12","date_gmt":"2020-05-13T14:32:12","guid":{"rendered":"https:\/\/comdanciennes.com\/?page_id=631"},"modified":"2020-05-13T16:32:13","modified_gmt":"2020-05-13T14:32:13","slug":"emailing","status":"publish","type":"page","link":"https:\/\/comdanciennes.com\/index.php\/emailing\/","title":{"rendered":"Emailing par Com&#8217; d&#8217;Anciennes"},"content":{"rendered":"\n<figure class=\"wp-block-image size-large\"><img data-attachment-id=\"632\" data-permalink=\"https:\/\/comdanciennes.com\/index.php\/emailing\/emailings\/\" data-orig-file=\"https:\/\/i2.wp.com\/comdanciennes.com\/wp-content\/uploads\/2020\/05\/Emailings.jpg?fit=1905%2C321&amp;ssl=1\" data-orig-size=\"1905,321\" data-comments-opened=\"1\" data-image-meta=\"{&quot;aperture&quot;:&quot;0&quot;,&quot;credit&quot;:&quot;&quot;,&quot;camera&quot;:&quot;&quot;,&quot;caption&quot;:&quot;&quot;,&quot;created_timestamp&quot;:&quot;0&quot;,&quot;copyright&quot;:&quot;&quot;,&quot;focal_length&quot;:&quot;0&quot;,&quot;iso&quot;:&quot;0&quot;,&quot;shutter_speed&quot;:&quot;0&quot;,&quot;title&quot;:&quot;&quot;,&quot;orientation&quot;:&quot;1&quot;}\" data-image-title=\"Emailings\" data-image-description=\"\" data-medium-file=\"https:\/\/i2.wp.com\/comdanciennes.com\/wp-content\/uploads\/2020\/05\/Emailings.jpg?fit=300%2C51&amp;ssl=1\" data-large-file=\"https:\/\/i2.wp.com\/comdanciennes.com\/wp-content\/uploads\/2020\/05\/Emailings.jpg?fit=640%2C108&amp;ssl=1\" loading=\"lazy\" width=\"640\" height=\"108\" src=\"https:\/\/i2.wp.com\/comdanciennes.com\/wp-content\/uploads\/2020\/05\/Emailings.jpg?resize=640%2C108&#038;ssl=1\" alt=\"\" class=\"wp-image-632\" srcset=\"https:\/\/i2.wp.com\/comdanciennes.com\/wp-content\/uploads\/2020\/05\/Emailings.jpg?resize=1024%2C173&amp;ssl=1 1024w, https:\/\/i2.wp.com\/comdanciennes.com\/wp-content\/uploads\/2020\/05\/Emailings.jpg?resize=300%2C51&amp;ssl=1 300w, https:\/\/i2.wp.com\/comdanciennes.com\/wp-content\/uploads\/2020\/05\/Emailings.jpg?resize=768%2C129&amp;ssl=1 768w, https:\/\/i2.wp.com\/comdanciennes.com\/wp-content\/uploads\/2020\/05\/Emailings.jpg?resize=1536%2C259&amp;ssl=1 1536w, https:\/\/i2.wp.com\/comdanciennes.com\/wp-content\/uploads\/2020\/05\/Emailings.jpg?w=1905&amp;ssl=1 1905w, https:\/\/i2.wp.com\/comdanciennes.com\/wp-content\/uploads\/2020\/05\/Emailings.jpg?w=1280&amp;ssl=1 1280w\" sizes=\"(max-width: 640px) 100vw, 640px\" data-recalc-dims=\"1\" \/><\/figure>\n\n\n\n<p class=\"has-medium-font-size\">Etre pr\u00e9sent sur internet via <strong><a href=\"https:\/\/comdanciennes.com\/index.php\/animation-et-redaction-des-pages-de-votre-site-internet\/\" target=\"_blank\" rel=\"noreferrer noopener\">un site <\/a><\/strong>ou des <strong><a href=\"https:\/\/comdanciennes.com\/index.php\/content-et-community-management-sur-les-reseaux-sociaux\/\" target=\"_blank\" rel=\"noreferrer noopener\">pages de r\u00e9seaux sociaux<\/a><\/strong>, c&#8217;est bien. Mais \u00eatre \u00e9galement pr\u00e9sent dans la bo\u00eete mail de vos clients et prospects, c&#8217;est encore mieux !<\/p>\n\n\n\n<p class=\"has-medium-font-size\">Nous vous proposons de mettre en place des campagnes d&#8217;emailing, qu&#8217;elles soient r\u00e9guli\u00e8res ou occasionnelles.<\/p>\n\n\n\n<p class=\"has-medium-font-size\">Pour cela nous installons directement le plugin n\u00e9cessaire sur votre site web afin de constituer votre base de mails.<\/p>\n\n\n\n<p class=\"has-medium-font-size\">Ensuite nous nous chargeons de tout. Nous cr\u00e9ons le template, nous r\u00e9digeons les textes et nous illustrons les campagnes. Le contenu est particuli\u00e8rement important car si vous habituez vos clients et prospects \u00e0 du contenu r\u00e9gulier et de qualit\u00e9, ils ouvriront plus r\u00e9guli\u00e8rement vos mails&#8230; et iront plus facilement vers votre site et vos produits.<br>\u00c9videmment vous validez tout avant l&#8217;envoi !<\/p>\n\n\n\n<h2 class=\"has-text-color\" style=\"color:#720000\">Vous souhaitez faire appel \u00e0 Com&#8217; d&#8217;Anciennes ? Contactez-nous !<\/h2>\n\n\n<noscript class=\"ninja-forms-noscript-message\">\n    Remarque\u00a0: JavaScript est requis pour ce contenu.<\/noscript><div id=\"nf-form-1-cont\" class=\"nf-form-cont\" aria-live=\"polite\" aria-labelledby=\"nf-form-title-1\" aria-describedby=\"nf-form-errors-1\" role=\"form\">\n\n    <div class=\"nf-loading-spinner\"><\/div>\n\n<\/div>\n        <!-- TODO: Move to Template File. -->\n        <script>var formDisplay=1;var nfForms=nfForms||[];var form=[];form.id='1';form.settings={\"objectType\":\"Form Setting\",\"editActive\":true,\"title\":\"Nous Contacter\",\"key\":\"\",\"created_at\":\"2020-05-12 15:37:01\",\"default_label_pos\":\"above\",\"conditions\":[],\"show_title\":\"1\",\"clear_complete\":\"1\",\"hide_complete\":\"1\",\"wrapper_class\":\"\",\"element_class\":\"\",\"add_submit\":\"1\",\"logged_in\":\"\",\"not_logged_in_msg\":\"\",\"sub_limit_number\":\"\",\"sub_limit_msg\":\"\",\"calculations\":[],\"formContentData\":[\"votre_nom_1589291029616\",\"votre_email_1589291039458\",\"votre_message_1589291043390\",\"recaptcha_1589291052768\",\"donnees_1589291146794\",\"envoyer_1589291063803\"],\"container_styles_background-color\":\"\",\"container_styles_border\":\"\",\"container_styles_border-style\":\"\",\"container_styles_border-color\":\"\",\"container_styles_color\":\"\",\"container_styles_height\":\"\",\"container_styles_width\":\"\",\"container_styles_font-size\":\"\",\"container_styles_margin\":\"\",\"container_styles_padding\":\"\",\"container_styles_display\":\"\",\"container_styles_float\":\"\",\"container_styles_show_advanced_css\":\"0\",\"container_styles_advanced\":\"\",\"title_styles_background-color\":\"\",\"title_styles_border\":\"\",\"title_styles_border-style\":\"\",\"title_styles_border-color\":\"\",\"title_styles_color\":\"\",\"title_styles_height\":\"\",\"title_styles_width\":\"\",\"title_styles_font-size\":\"\",\"title_styles_margin\":\"\",\"title_styles_padding\":\"\",\"title_styles_display\":\"\",\"title_styles_float\":\"\",\"title_styles_show_advanced_css\":\"0\",\"title_styles_advanced\":\"\",\"row_styles_background-color\":\"\",\"row_styles_border\":\"\",\"row_styles_border-style\":\"\",\"row_styles_border-color\":\"\",\"row_styles_color\":\"\",\"row_styles_height\":\"\",\"row_styles_width\":\"\",\"row_styles_font-size\":\"\",\"row_styles_margin\":\"\",\"row_styles_padding\":\"\",\"row_styles_display\":\"\",\"row_styles_show_advanced_css\":\"0\",\"row_styles_advanced\":\"\",\"row-odd_styles_background-color\":\"\",\"row-odd_styles_border\":\"\",\"row-odd_styles_border-style\":\"\",\"row-odd_styles_border-color\":\"\",\"row-odd_styles_color\":\"\",\"row-odd_styles_height\":\"\",\"row-odd_styles_width\":\"\",\"row-odd_styles_font-size\":\"\",\"row-odd_styles_margin\":\"\",\"row-odd_styles_padding\":\"\",\"row-odd_styles_display\":\"\",\"row-odd_styles_show_advanced_css\":\"0\",\"row-odd_styles_advanced\":\"\",\"success-msg_styles_background-color\":\"\",\"success-msg_styles_border\":\"\",\"success-msg_styles_border-style\":\"\",\"success-msg_styles_border-color\":\"\",\"success-msg_styles_color\":\"\",\"success-msg_styles_height\":\"\",\"success-msg_styles_width\":\"\",\"success-msg_styles_font-size\":\"\",\"success-msg_styles_margin\":\"\",\"success-msg_styles_padding\":\"\",\"success-msg_styles_display\":\"\",\"success-msg_styles_show_advanced_css\":\"0\",\"success-msg_styles_advanced\":\"\",\"error_msg_styles_background-color\":\"\",\"error_msg_styles_border\":\"\",\"error_msg_styles_border-style\":\"\",\"error_msg_styles_border-color\":\"\",\"error_msg_styles_color\":\"\",\"error_msg_styles_height\":\"\",\"error_msg_styles_width\":\"\",\"error_msg_styles_font-size\":\"\",\"error_msg_styles_margin\":\"\",\"error_msg_styles_padding\":\"\",\"error_msg_styles_display\":\"\",\"error_msg_styles_show_advanced_css\":\"0\",\"error_msg_styles_advanced\":\"\",\"allow_public_link\":0,\"embed_form\":\"\",\"changeEmailErrorMsg\":\"Veuillez saisir une adresse de messagerie valide. Ex\\u00a0: jean.dupont@gmail.com\",\"changeDateErrorMsg\":\"Veuillez saisir une date valide\\u00a0!\",\"confirmFieldErrorMsg\":\"Ces champs doivent correspondre\\u00a0!\",\"fieldNumberNumMinError\":\"Erreur de nombre min.\",\"fieldNumberNumMaxError\":\"Erreur de nombre max.\",\"fieldNumberIncrementBy\":\"Veuillez incr\\u00e9menter par \",\"formErrorsCorrectErrors\":\"Veuillez corriger les erreurs avant d\\u2019envoyer ce formulaire.\",\"validateRequiredField\":\"Ce champ est obligatoire.\",\"honeypotHoneypotError\":\"Erreur Honeypot\",\"fieldsMarkedRequired\":\"Les champs marqu\\u00e9s d\\u2019un <span class=\\\"ninja-forms-req-symbol\\\">*<\\\/span> sont obligatoires\",\"currency\":\"\",\"unique_field_error\":\"Un formulaire avec cette valeur a d\\u00e9j\\u00e0 \\u00e9t\\u00e9 envoy\\u00e9.\",\"drawerDisabled\":false,\"ninjaForms\":\"Ninja Forms\",\"fieldTextareaRTEInsertLink\":\"Ins\\u00e9rer un lien\",\"fieldTextareaRTEInsertMedia\":\"Ins\\u00e9rer un m\\u00e9dia\",\"fieldTextareaRTESelectAFile\":\"S\\u00e9lectionnez un fichier\",\"formHoneypot\":\"Si vous \\u00eates un \\u00eatre humain et que vous voyez ce champ, veuillez le laisser vide.\",\"fileUploadOldCodeFileUploadInProgress\":\"T\\u00e9l\\u00e9versement du fichier en cours.\",\"fileUploadOldCodeFileUpload\":\"T\\u00c9L\\u00c9VERSEMENT DE FICHIER\",\"currencySymbol\":\"&#36;\",\"thousands_sep\":\"\\u00a0\",\"decimal_point\":\",\",\"siteLocale\":\"fr_FR\",\"dateFormat\":\"m\\\/d\\\/Y\",\"startOfWeek\":\"1\",\"of\":\"sur\",\"previousMonth\":\"Mois pr\\u00e9c\\u00e9dent\",\"nextMonth\":\"Mois suivant\",\"months\":[\"Janvier\",\"F\\u00e9vrier\",\"Mars\",\"Avril\",\"Mai\",\"Juin\",\"Juillet\",\"Ao\\u00fbt\",\"Septembre\",\"Octobre\",\"Novembre\",\"D\\u00e9cembre\"],\"monthsShort\":[\"Jan\",\"F\\u00e9v\",\"Mar\",\"Avr\",\"Mai\",\"Juin\",\"Juil\",\"Ao\\u00fb\",\"Sep\",\"Oct\",\"Nov\",\"D\\u00e9c\"],\"weekdays\":[\"Dimanche\",\"Lundi\",\"Mardi\",\"Mercredi\",\"Jeudi\",\"Vendredi\",\"Samedi\"],\"weekdaysShort\":[\"Dim\",\"Lun\",\"Mar\",\"Mer\",\"Jeu\",\"Ven\",\"Sam\"],\"weekdaysMin\":[\"Di\",\"Lu\",\"Ma\",\"Me\",\"Je\",\"Ve\",\"Sa\"],\"currency_symbol\":\"\",\"beforeForm\":\"\",\"beforeFields\":\"\",\"afterFields\":\"\",\"afterForm\":\"\"};form.fields=[{\"objectType\":\"Field\",\"objectDomain\":\"fields\",\"editActive\":false,\"order\":1,\"label\":\"Votre nom\",\"key\":\"votre_nom_1589291029616\",\"type\":\"textbox\",\"created_at\":\"2020-05-12 15:37:01\",\"label_pos\":\"above\",\"required\":1,\"placeholder\":\"\",\"default\":\"\",\"wrapper_class\":\"\",\"element_class\":\"\",\"container_class\":\"\",\"input_limit\":\"\",\"input_limit_type\":\"characters\",\"input_limit_msg\":\"Character(s) left\",\"manual_key\":\"\",\"disable_input\":\"\",\"admin_label\":\"\",\"help_text\":\"\",\"desc_text\":\"\",\"disable_browser_autocomplete\":\"\",\"mask\":\"\",\"custom_mask\":\"\",\"wrap_styles_background-color\":\"\",\"wrap_styles_border\":\"\",\"wrap_styles_border-style\":\"\",\"wrap_styles_border-color\":\"\",\"wrap_styles_color\":\"\",\"wrap_styles_height\":\"\",\"wrap_styles_width\":\"\",\"wrap_styles_font-size\":\"\",\"wrap_styles_margin\":\"\",\"wrap_styles_padding\":\"\",\"wrap_styles_display\":\"\",\"wrap_styles_float\":\"\",\"wrap_styles_show_advanced_css\":0,\"wrap_styles_advanced\":\"\",\"label_styles_background-color\":\"\",\"label_styles_border\":\"\",\"label_styles_border-style\":\"\",\"label_styles_border-color\":\"\",\"label_styles_color\":\"\",\"label_styles_height\":\"\",\"label_styles_width\":\"\",\"label_styles_font-size\":\"\",\"label_styles_margin\":\"\",\"label_styles_padding\":\"\",\"label_styles_display\":\"\",\"label_styles_float\":\"\",\"label_styles_show_advanced_css\":0,\"label_styles_advanced\":\"\",\"element_styles_background-color\":\"\",\"element_styles_border\":\"\",\"element_styles_border-style\":\"\",\"element_styles_border-color\":\"\",\"element_styles_color\":\"\",\"element_styles_height\":\"\",\"element_styles_width\":\"\",\"element_styles_font-size\":\"\",\"element_styles_margin\":\"\",\"element_styles_padding\":\"\",\"element_styles_display\":\"\",\"element_styles_float\":\"\",\"element_styles_show_advanced_css\":0,\"element_styles_advanced\":\"\",\"cellcid\":\"c3277\",\"custom_name_attribute\":\"\",\"personally_identifiable\":\"\",\"value\":\"\",\"id\":1,\"beforeField\":\"\",\"afterField\":\"\",\"parentType\":\"textbox\",\"element_templates\":[\"textbox\",\"input\"],\"old_classname\":\"\",\"wrap_template\":\"wrap\"},{\"objectType\":\"Field\",\"objectDomain\":\"fields\",\"editActive\":false,\"order\":2,\"label\":\"Votre Email\",\"key\":\"votre_email_1589291039458\",\"type\":\"email\",\"created_at\":\"2020-05-12 15:37:01\",\"label_pos\":\"above\",\"required\":1,\"placeholder\":\"\",\"default\":\"\",\"wrapper_class\":\"\",\"element_class\":\"\",\"container_class\":\"\",\"admin_label\":\"\",\"help_text\":\"\",\"desc_text\":\"\",\"wrap_styles_background-color\":\"\",\"wrap_styles_border\":\"\",\"wrap_styles_border-style\":\"\",\"wrap_styles_border-color\":\"\",\"wrap_styles_color\":\"\",\"wrap_styles_height\":\"\",\"wrap_styles_width\":\"\",\"wrap_styles_font-size\":\"\",\"wrap_styles_margin\":\"\",\"wrap_styles_padding\":\"\",\"wrap_styles_display\":\"\",\"wrap_styles_float\":\"\",\"wrap_styles_show_advanced_css\":0,\"wrap_styles_advanced\":\"\",\"label_styles_background-color\":\"\",\"label_styles_border\":\"\",\"label_styles_border-style\":\"\",\"label_styles_border-color\":\"\",\"label_styles_color\":\"\",\"label_styles_height\":\"\",\"label_styles_width\":\"\",\"label_styles_font-size\":\"\",\"label_styles_margin\":\"\",\"label_styles_padding\":\"\",\"label_styles_display\":\"\",\"label_styles_float\":\"\",\"label_styles_show_advanced_css\":0,\"label_styles_advanced\":\"\",\"element_styles_background-color\":\"\",\"element_styles_border\":\"\",\"element_styles_border-style\":\"\",\"element_styles_border-color\":\"\",\"element_styles_color\":\"\",\"element_styles_height\":\"\",\"element_styles_width\":\"\",\"element_styles_font-size\":\"\",\"element_styles_margin\":\"\",\"element_styles_padding\":\"\",\"element_styles_display\":\"\",\"element_styles_float\":\"\",\"element_styles_show_advanced_css\":0,\"element_styles_advanced\":\"\",\"cellcid\":\"c3281\",\"custom_name_attribute\":\"email\",\"personally_identifiable\":1,\"value\":\"\",\"drawerDisabled\":false,\"id\":2,\"beforeField\":\"\",\"afterField\":\"\",\"parentType\":\"email\",\"element_templates\":[\"email\",\"input\"],\"old_classname\":\"\",\"wrap_template\":\"wrap\"},{\"objectType\":\"Field\",\"objectDomain\":\"fields\",\"editActive\":false,\"order\":3,\"label\":\"Votre Message\",\"key\":\"votre_message_1589291043390\",\"type\":\"textarea\",\"created_at\":\"2020-05-12 15:37:01\",\"label_pos\":\"above\",\"required\":1,\"placeholder\":\"\",\"default\":\"\",\"wrapper_class\":\"\",\"element_class\":\"\",\"container_class\":\"\",\"input_limit\":\"\",\"input_limit_type\":\"characters\",\"input_limit_msg\":\"Character(s) left\",\"manual_key\":\"\",\"disable_input\":\"\",\"admin_label\":\"\",\"help_text\":\"\",\"desc_text\":\"\",\"disable_browser_autocomplete\":\"\",\"textarea_rte\":\"\",\"disable_rte_mobile\":\"\",\"textarea_media\":\"\",\"wrap_styles_background-color\":\"\",\"wrap_styles_border\":\"\",\"wrap_styles_border-style\":\"\",\"wrap_styles_border-color\":\"\",\"wrap_styles_color\":\"\",\"wrap_styles_height\":\"\",\"wrap_styles_width\":\"\",\"wrap_styles_font-size\":\"\",\"wrap_styles_margin\":\"\",\"wrap_styles_padding\":\"\",\"wrap_styles_display\":\"\",\"wrap_styles_float\":\"\",\"wrap_styles_show_advanced_css\":0,\"wrap_styles_advanced\":\"\",\"label_styles_background-color\":\"\",\"label_styles_border\":\"\",\"label_styles_border-style\":\"\",\"label_styles_border-color\":\"\",\"label_styles_color\":\"\",\"label_styles_height\":\"\",\"label_styles_width\":\"\",\"label_styles_font-size\":\"\",\"label_styles_margin\":\"\",\"label_styles_padding\":\"\",\"label_styles_display\":\"\",\"label_styles_float\":\"\",\"label_styles_show_advanced_css\":0,\"label_styles_advanced\":\"\",\"element_styles_background-color\":\"\",\"element_styles_border\":\"\",\"element_styles_border-style\":\"\",\"element_styles_border-color\":\"\",\"element_styles_color\":\"\",\"element_styles_height\":\"\",\"element_styles_width\":\"\",\"element_styles_font-size\":\"\",\"element_styles_margin\":\"\",\"element_styles_padding\":\"\",\"element_styles_display\":\"\",\"element_styles_float\":\"\",\"element_styles_show_advanced_css\":0,\"element_styles_advanced\":\"\",\"cellcid\":\"c3284\",\"value\":\"\",\"drawerDisabled\":false,\"id\":3,\"beforeField\":\"\",\"afterField\":\"\",\"parentType\":\"textarea\",\"element_templates\":[\"textarea\",\"input\"],\"old_classname\":\"\",\"wrap_template\":\"wrap\"},{\"objectType\":\"Field\",\"objectDomain\":\"fields\",\"editActive\":false,\"order\":4,\"label\":\"ReCAPTCHA\",\"type\":\"recaptcha\",\"container_class\":\"\",\"element_class\":\"\",\"size\":\"visible\",\"key\":\"recaptcha_1589291052768\",\"drawerDisabled\":false,\"id\":5,\"beforeField\":\"\",\"afterField\":\"\",\"value\":\"\",\"label_pos\":\"above\",\"parentType\":\"textbox\",\"element_templates\":[\"recaptcha\",\"input\"],\"old_classname\":\"\",\"wrap_template\":\"wrap\",\"site_key\":\"6LesXT0UAAAAACqjtty9gGv6yp8D6QfPLJIYx4-k\",\"theme\":\"light\",\"lang\":false},{\"objectType\":\"Field\",\"objectDomain\":\"fields\",\"editActive\":false,\"order\":6,\"label\":\"Donn\\u00e9es\",\"type\":\"checkbox\",\"key\":\"donnees_1589291146794\",\"label_pos\":\"right\",\"required\":false,\"container_class\":\"\",\"element_class\":\"\",\"manual_key\":false,\"admin_label\":\"\",\"help_text\":\"\",\"desc_text\":\"<p>J'envoie ces donn\\u00e9es \\u00e0 Com' d'Anciennes afin de faciliter notre prise de contact et je pourrais ensuite demander \\u00e0 les faire supprimer par simple mail.<br><\\\/p>\",\"default_value\":\"unchecked\",\"checked_value\":\"Coch\\u00e9\",\"unchecked_value\":\"D\\u00e9coch\\u00e9\",\"checked_calc_value\":\"\",\"unchecked_calc_value\":\"\",\"drawerDisabled\":false,\"id\":7,\"beforeField\":\"\",\"afterField\":\"\",\"value\":\"\",\"parentType\":\"checkbox\",\"element_templates\":[\"checkbox\",\"input\"],\"old_classname\":\"\",\"wrap_template\":\"wrap\"},{\"objectType\":\"Field\",\"objectDomain\":\"fields\",\"editActive\":false,\"order\":7,\"label\":\"Envoyer\",\"key\":\"envoyer_1589291063803\",\"type\":\"submit\",\"created_at\":\"2020-05-12 15:37:02\",\"processing_label\":\"En Cours\",\"container_class\":\"\",\"element_class\":\"\",\"wrap_styles_background-color\":\"\",\"wrap_styles_border\":\"\",\"wrap_styles_border-style\":\"\",\"wrap_styles_border-color\":\"\",\"wrap_styles_color\":\"\",\"wrap_styles_height\":\"\",\"wrap_styles_width\":\"\",\"wrap_styles_font-size\":\"\",\"wrap_styles_margin\":\"\",\"wrap_styles_padding\":\"\",\"wrap_styles_display\":\"\",\"wrap_styles_float\":\"\",\"wrap_styles_show_advanced_css\":0,\"wrap_styles_advanced\":\"\",\"label_styles_background-color\":\"\",\"label_styles_border\":\"\",\"label_styles_border-style\":\"\",\"label_styles_border-color\":\"\",\"label_styles_color\":\"\",\"label_styles_height\":\"\",\"label_styles_width\":\"\",\"label_styles_font-size\":\"\",\"label_styles_margin\":\"\",\"label_styles_padding\":\"\",\"label_styles_display\":\"\",\"label_styles_float\":\"\",\"label_styles_show_advanced_css\":0,\"label_styles_advanced\":\"\",\"element_styles_background-color\":\"\",\"element_styles_border\":\"\",\"element_styles_border-style\":\"\",\"element_styles_border-color\":\"\",\"element_styles_color\":\"\",\"element_styles_height\":\"\",\"element_styles_width\":\"\",\"element_styles_font-size\":\"\",\"element_styles_margin\":\"\",\"element_styles_padding\":\"\",\"element_styles_display\":\"\",\"element_styles_float\":\"\",\"element_styles_show_advanced_css\":0,\"element_styles_advanced\":\"\",\"submit_element_hover_styles_background-color\":\"\",\"submit_element_hover_styles_border\":\"\",\"submit_element_hover_styles_border-style\":\"\",\"submit_element_hover_styles_border-color\":\"\",\"submit_element_hover_styles_color\":\"\",\"submit_element_hover_styles_height\":\"\",\"submit_element_hover_styles_width\":\"\",\"submit_element_hover_styles_font-size\":\"\",\"submit_element_hover_styles_margin\":\"\",\"submit_element_hover_styles_padding\":\"\",\"submit_element_hover_styles_display\":\"\",\"submit_element_hover_styles_float\":\"\",\"submit_element_hover_styles_show_advanced_css\":0,\"submit_element_hover_styles_advanced\":\"\",\"cellcid\":\"c3287\",\"drawerDisabled\":false,\"id\":4,\"beforeField\":\"\",\"afterField\":\"\",\"value\":\"\",\"label_pos\":\"above\",\"parentType\":\"textbox\",\"element_templates\":[\"submit\",\"button\",\"input\"],\"old_classname\":\"\",\"wrap_template\":\"wrap-no-label\"}];nfForms.push(form);<\/script>\n        ","protected":false},"excerpt":{"rendered":"<p>Etre pr\u00e9sent sur internet via un site ou des pages de r\u00e9seaux sociaux, c&#8217;est bien. Mais \u00eatre \u00e9galement pr\u00e9sent dans la bo\u00eete mail de vos clients et prospects, c&#8217;est encore mieux ! Nous vous proposons de mettre en place des campagnes d&#8217;emailing, qu&#8217;elles soient r\u00e9guli\u00e8res ou occasionnelles. Pour cela nous installons directement le plugin n\u00e9cessaire <a href=\"https:\/\/comdanciennes.com\/index.php\/emailing\/\" rel=\"nofollow\"><span class=\"sr-only\">En savoir plus surEmailing par Com&#8217; d&#8217;Anciennes<\/span>[&hellip;]<\/a><\/p>\n","protected":false},"author":2,"featured_media":0,"parent":0,"menu_order":0,"comment_status":"closed","ping_status":"closed","template":"template-fullwidth-no-title.php","meta":{"spay_email":""},"yoast_head":"<!-- This site is optimized with the Yoast SEO plugin v16.1.1 - https:\/\/yoast.com\/wordpress\/plugins\/seo\/ -->\n<title>Emailing par Com&#039; d&#039;Anciennes - Com&#039; d&#039;Anciennes<\/title>\n<link rel=\"canonical\" href=\"https:\/\/comdanciennes.com\/index.php\/emailing\/\" \/>\n<meta property=\"og:locale\" content=\"fr_FR\" \/>\n<meta property=\"og:type\" content=\"article\" \/>\n<meta property=\"og:title\" content=\"Emailing par Com&#039; d&#039;Anciennes - Com&#039; d&#039;Anciennes\" \/>\n<meta property=\"og:description\" content=\"Etre pr\u00e9sent sur internet via un site ou des pages de r\u00e9seaux sociaux, c&#8217;est bien. Mais \u00eatre \u00e9galement pr\u00e9sent dans la bo\u00eete mail de vos clients et prospects, c&#8217;est encore mieux ! Nous vous proposons de mettre en place des campagnes d&#8217;emailing, qu&#8217;elles soient r\u00e9guli\u00e8res ou occasionnelles. Pour cela nous installons directement le plugin n\u00e9cessaire En savoir plus surEmailing par Com&#8217; d&#8217;Anciennes[&hellip;]\" \/>\n<meta property=\"og:url\" content=\"https:\/\/comdanciennes.com\/index.php\/emailing\/\" \/>\n<meta property=\"og:site_name\" content=\"Com&#039; d&#039;Anciennes\" \/>\n<meta property=\"article:modified_time\" content=\"2020-05-13T14:32:13+00:00\" \/>\n<meta property=\"og:image\" content=\"https:\/\/comdanciennes.com\/wp-content\/uploads\/2020\/05\/Emailings-1024x173.jpg\" \/>\n<meta name=\"twitter:card\" content=\"summary_large_image\" \/>\n<meta name=\"twitter:label1\" content=\"Dur\u00e9e de lecture est.\">\n\t<meta name=\"twitter:data1\" content=\"1 minute\">\n<script type=\"application\/ld+json\" class=\"yoast-schema-graph\">{\"@context\":\"https:\/\/schema.org\",\"@graph\":[{\"@type\":\"WebSite\",\"@id\":\"https:\/\/comdanciennes.com\/#website\",\"url\":\"https:\/\/comdanciennes.com\/\",\"name\":\"Com&#039; d&#039;Anciennes\",\"description\":\"L&#039;agence de Com&#039; des v\\u00e9hicules anciens\",\"potentialAction\":[{\"@type\":\"SearchAction\",\"target\":\"https:\/\/comdanciennes.com\/?s={search_term_string}\",\"query-input\":\"required name=search_term_string\"}],\"inLanguage\":\"fr-FR\"},{\"@type\":\"ImageObject\",\"@id\":\"https:\/\/comdanciennes.com\/index.php\/emailing\/#primaryimage\",\"inLanguage\":\"fr-FR\",\"url\":\"https:\/\/i2.wp.com\/comdanciennes.com\/wp-content\/uploads\/2020\/05\/Emailings.jpg?fit=1905%2C321&ssl=1\",\"contentUrl\":\"https:\/\/i2.wp.com\/comdanciennes.com\/wp-content\/uploads\/2020\/05\/Emailings.jpg?fit=1905%2C321&ssl=1\",\"width\":1905,\"height\":321},{\"@type\":\"WebPage\",\"@id\":\"https:\/\/comdanciennes.com\/index.php\/emailing\/#webpage\",\"url\":\"https:\/\/comdanciennes.com\/index.php\/emailing\/\",\"name\":\"Emailing par Com' d'Anciennes - Com&#039; d&#039;Anciennes\",\"isPartOf\":{\"@id\":\"https:\/\/comdanciennes.com\/#website\"},\"primaryImageOfPage\":{\"@id\":\"https:\/\/comdanciennes.com\/index.php\/emailing\/#primaryimage\"},\"datePublished\":\"2020-05-13T14:32:12+00:00\",\"dateModified\":\"2020-05-13T14:32:13+00:00\",\"breadcrumb\":{\"@id\":\"https:\/\/comdanciennes.com\/index.php\/emailing\/#breadcrumb\"},\"inLanguage\":\"fr-FR\",\"potentialAction\":[{\"@type\":\"ReadAction\",\"target\":[\"https:\/\/comdanciennes.com\/index.php\/emailing\/\"]}]},{\"@type\":\"BreadcrumbList\",\"@id\":\"https:\/\/comdanciennes.com\/index.php\/emailing\/#breadcrumb\",\"itemListElement\":[{\"@type\":\"ListItem\",\"position\":1,\"item\":{\"@type\":\"WebPage\",\"@id\":\"https:\/\/comdanciennes.com\/\",\"url\":\"https:\/\/comdanciennes.com\/\",\"name\":\"Accueil\"}},{\"@type\":\"ListItem\",\"position\":2,\"item\":{\"@type\":\"WebPage\",\"@id\":\"https:\/\/comdanciennes.com\/index.php\/emailing\/\",\"url\":\"https:\/\/comdanciennes.com\/index.php\/emailing\/\",\"name\":\"Emailing par Com&#8217; d&#8217;Anciennes\"}}]}]}<\/script>\n<!-- \/ Yoast SEO plugin. -->","jetpack_sharing_enabled":true,"jetpack_shortlink":"https:\/\/wp.me\/P9tMYA-ab","_links":{"self":[{"href":"https:\/\/comdanciennes.com\/index.php\/wp-json\/wp\/v2\/pages\/631"}],"collection":[{"href":"https:\/\/comdanciennes.com\/index.php\/wp-json\/wp\/v2\/pages"}],"about":[{"href":"https:\/\/comdanciennes.com\/index.php\/wp-json\/wp\/v2\/types\/page"}],"author":[{"embeddable":true,"href":"https:\/\/comdanciennes.com\/index.php\/wp-json\/wp\/v2\/users\/2"}],"replies":[{"embeddable":true,"href":"https:\/\/comdanciennes.com\/index.php\/wp-json\/wp\/v2\/comments?post=631"}],"version-history":[{"count":1,"href":"https:\/\/comdanciennes.com\/index.php\/wp-json\/wp\/v2\/pages\/631\/revisions"}],"predecessor-version":[{"id":633,"href":"https:\/\/comdanciennes.com\/index.php\/wp-json\/wp\/v2\/pages\/631\/revisions\/633"}],"wp:attachment":[{"href":"https:\/\/comdanciennes.com\/index.php\/wp-json\/wp\/v2\/media?parent=631"}],"curies":[{"name":"wp","href":"https:\/\/api.w.org\/{rel}","templated":true}]}}